{"id":1116,"date":"2025-08-13T08:51:54","date_gmt":"2025-08-13T08:51:54","guid":{"rendered":"https:\/\/www.sued-immo.com\/?page_id=1116"},"modified":"2025-09-30T08:25:16","modified_gmt":"2025-09-30T08:25:16","slug":"kontakt-new","status":"publish","type":"page","link":"https:\/\/www.sued-immo.com\/en\/kontakt-new\/","title":{"rendered":"Kontakt &#8211; new"},"content":{"rendered":"<div data-elementor-type=\"wp-page\" data-elementor-id=\"1116\" class=\"elementor elementor-1116\" data-elementor-post-type=\"page\">\n\t\t\t\t<div class=\"elementor-element elementor-element-f3c60c9 e-flex e-con-boxed e-con e-parent\" data-id=\"f3c60c9\" data-element_type=\"container\" data-e-type=\"container\" data-settings=\"{&quot;background_background&quot;:&quot;classic&quot;}\">\n\t\t\t\t\t<div class=\"e-con-inner\">\n\t\t\t\t<div class=\"elementor-element elementor-element-c3defa6 elementor-widget elementor-widget-heading\" data-id=\"c3defa6\" data-element_type=\"widget\" data-e-type=\"widget\" data-widget_type=\"heading.default\">\n\t\t\t\t<div class=\"elementor-widget-container\">\n\t\t\t\t\t<h1 class=\"elementor-heading-title elementor-size-default\">Contact<\/h1>\t\t\t\t<\/div>\n\t\t\t\t<\/div>\n\t\t\t\t<div class=\"elementor-element elementor-element-88298b7 elementor-widget elementor-widget-text-editor\" data-id=\"88298b7\" data-element_type=\"widget\" data-e-type=\"widget\" data-widget_type=\"text-editor.default\">\n\t\t\t\t<div class=\"elementor-widget-container\">\n\t\t\t\t\t\t\t\t\t<p class=\"elementor-heading-title elementor-size-default\">Contact us for first-class real estate advisory services.<\/p>\t\t\t\t\t\t\t\t<\/div>\n\t\t\t\t<\/div>\n\t\t\t\t\t<\/div>\n\t\t\t\t<\/div>\n\t\t<div class=\"elementor-element elementor-element-1c58c87 e-flex e-con-boxed e-con e-parent\" data-id=\"1c58c87\" data-element_type=\"container\" data-e-type=\"container\">\n\t\t\t\t\t<div class=\"e-con-inner\">\n\t\t<div class=\"elementor-element elementor-element-08311cd e-con-full e-flex e-con e-child\" data-id=\"08311cd\" data-element_type=\"container\" data-e-type=\"container\" data-settings=\"{&quot;background_background&quot;:&quot;classic&quot;}\">\n\t\t\t\t<div class=\"elementor-element elementor-element-89856b3 elementor-widget elementor-widget-heading\" data-id=\"89856b3\" data-element_type=\"widget\" data-e-type=\"widget\" data-widget_type=\"heading.default\">\n\t\t\t\t<div class=\"elementor-widget-container\">\n\t\t\t\t\t<span class=\"elementor-heading-title elementor-size-default\">Southern German Real Estate Agency<\/span>\t\t\t\t<\/div>\n\t\t\t\t<\/div>\n\t\t\t\t<div class=\"elementor-element elementor-element-49e3999 elementor-widget elementor-widget-heading\" data-id=\"49e3999\" data-element_type=\"widget\" data-e-type=\"widget\" data-widget_type=\"heading.default\">\n\t\t\t\t<div class=\"elementor-widget-container\">\n\t\t\t\t\t<h2 class=\"elementor-heading-title elementor-size-default\">Contact Us Now <\/h2>\t\t\t\t<\/div>\n\t\t\t\t<\/div>\n\t\t\t\t<div class=\"elementor-element elementor-element-c555580 elementor-widget elementor-widget-text-editor\" data-id=\"c555580\" data-element_type=\"widget\" data-e-type=\"widget\" data-widget_type=\"text-editor.default\">\n\t\t\t\t<div class=\"elementor-widget-container\">\n\t\t\t\t\t\t\t\t\t<p>Schedule a non-binding initial consultation by phone, email, or in person.<\/p>\t\t\t\t\t\t\t\t<\/div>\n\t\t\t\t<\/div>\n\t\t<div class=\"elementor-element elementor-element-edb8b4c e-grid e-con-full e-con e-child\" data-id=\"edb8b4c\" data-element_type=\"container\" data-e-type=\"container\">\n\t\t<a class=\"elementor-element elementor-element-5292b80 e-con-full e-flex e-con e-child\" data-id=\"5292b80\" data-element_type=\"container\" data-e-type=\"container\" id=\"icon-container\" href=\"mailto:info@sued-immo.com\">\n\t\t\t\t<div class=\"elementor-element elementor-element-a223626 elementor-view-stacked elementor-shape-rounded elementor-position-inline-start elementor-mobile-position-block-start elementor-widget elementor-widget-icon-box\" data-id=\"a223626\" data-element_type=\"widget\" data-e-type=\"widget\" id=\"icon-text\" data-widget_type=\"icon-box.default\">\n\t\t\t\t<div class=\"elementor-widget-container\">\n\t\t\t\t\t\t\t<div class=\"elementor-icon-box-wrapper\">\n\n\t\t\t\t\t\t<div class=\"elementor-icon-box-icon\">\n\t\t\t\t<span  class=\"elementor-icon\">\n\t\t\t\t<svg xmlns=\"http:\/\/www.w3.org\/2000\/svg\" xmlns:xlink=\"http:\/\/www.w3.org\/1999\/xlink\" id=\"Capa_1\" x=\"0px\" y=\"0px\" viewbox=\"0 0 512 512\" style=\"enable-background:new 0 0 512 512;\" xml:space=\"preserve\"><g>\t<g>\t\t<path d=\"M257,210c-24.814,0-45,20.186-45,45c0,24.814,20.186,45,45,45c24.814,0,45-20.186,45-45C302,230.186,281.814,210,257,210z   \"><\/path>\t<\/g><\/g><g>\t<g>\t\t<path d=\"M255,0C114.39,0,0,114.39,0,255s114.39,257,255,257s257-116.39,257-257S395.61,0,255,0z M362,330   c-20.273,0-38.152-10.161-49.017-25.596C299.23,319.971,279.354,330,257,330c-41.353,0-75-33.647-75-75c0-41.353,33.647-75,75-75   c16.948,0,32.426,5.865,45,15.383V195c0-8.291,6.709-15,15-15c8.291,0,15,6.709,15,15c0,33.36,0,41.625,0,75   c0,16.538,13.462,30,30,30c16.538,0,30-13.462,30-30c0-100.391-66.432-150-135-150c-74.443,0-135,60.557-135,135   s60.557,135,135,135c30,0,58.374-9.609,82.061-27.803c15.822-12.078,33.94,11.765,18.281,23.789   C328.353,408.237,293.665,420,257,420c-90.981,0-165-74.019-165-165S166.019,90,257,90c82.897,0,165,61.135,165,180   C422,303.091,395.091,330,362,330z\"><\/path>\t<\/g><\/g><g><\/g><g><\/g><g><\/g><g><\/g><g><\/g><g><\/g><g><\/g><g><\/g><g><\/g><g><\/g><g><\/g><g><\/g><g><\/g><g><\/g><g><\/g><\/svg>\t\t\t\t<\/span>\n\t\t\t<\/div>\n\t\t\t\n\t\t\t\t\t\t<div class=\"elementor-icon-box-content\">\n\n\t\t\t\t\t\t\t\t\t<h4 class=\"elementor-icon-box-title\">\n\t\t\t\t\t\t<span  >\n\t\t\t\t\t\t\tE-Mail\t\t\t\t\t\t<\/span>\n\t\t\t\t\t<\/h4>\n\t\t\t\t\n\t\t\t\t\t\t\t\t\t<p class=\"elementor-icon-box-description\">\n\t\t\t\t\t\tinfo@sued-immo.com\t\t\t\t\t<\/p>\n\t\t\t\t\n\t\t\t<\/div>\n\t\t\t\n\t\t<\/div>\n\t\t\t\t\t\t<\/div>\n\t\t\t\t<\/div>\n\t\t\t\t<\/a>\n\t\t<a class=\"elementor-element elementor-element-69578b1 e-con-full e-flex e-con e-child\" data-id=\"69578b1\" data-element_type=\"container\" data-e-type=\"container\" id=\"icon-container\" href=\"tel:004962143789081\">\n\t\t\t\t<div class=\"elementor-element elementor-element-b46944c elementor-view-stacked elementor-shape-rounded elementor-position-inline-start elementor-mobile-position-block-start elementor-widget elementor-widget-icon-box\" data-id=\"b46944c\" data-element_type=\"widget\" data-e-type=\"widget\" id=\"icon-text\" data-widget_type=\"icon-box.default\">\n\t\t\t\t<div class=\"elementor-widget-container\">\n\t\t\t\t\t\t\t<div class=\"elementor-icon-box-wrapper\">\n\n\t\t\t\t\t\t<div class=\"elementor-icon-box-icon\">\n\t\t\t\t<span  class=\"elementor-icon\">\n\t\t\t\t<svg xmlns=\"http:\/\/www.w3.org\/2000\/svg\" id=\"Layer_1\" height=\"512\" viewbox=\"0 0 512 512\" width=\"512\"><path d=\"m368.467 512c-89.756 0-185.605-32.981-260.547-107.921-74.817-74.818-107.92-170.603-107.92-260.546 0-79.269 64.132-143.533 143.533-143.533 6.134 0 11.649 3.734 13.927 9.429l64.267 160.667c3.077 7.692-.664 16.421-8.355 19.498l-70.597 28.238c4.994 81.218 70.188 146.408 151.393 151.395l28.239-70.597c3.07-7.679 11.796-11.434 19.498-8.356l160.665 64.266c5.695 2.278 9.43 7.793 9.43 13.927 0 79.269-64.132 143.533-143.533 143.533z\"><\/path><\/svg>\t\t\t\t<\/span>\n\t\t\t<\/div>\n\t\t\t\n\t\t\t\t\t\t<div class=\"elementor-icon-box-content\">\n\n\t\t\t\t\t\t\t\t\t<h4 class=\"elementor-icon-box-title\">\n\t\t\t\t\t\t<span  >\n\t\t\t\t\t\t\tPhone\t\t\t\t\t\t<\/span>\n\t\t\t\t\t<\/h4>\n\t\t\t\t\n\t\t\t\t\t\t\t\t\t<p class=\"elementor-icon-box-description\">\n\t\t\t\t\t\t+49 (0) 621 437 890 81\t\t\t\t\t<\/p>\n\t\t\t\t\n\t\t\t<\/div>\n\t\t\t\n\t\t<\/div>\n\t\t\t\t\t\t<\/div>\n\t\t\t\t<\/div>\n\t\t\t\t<\/a>\n\t\t<a class=\"elementor-element elementor-element-1a9891b e-con-full e-flex e-con e-child\" data-id=\"1a9891b\" data-element_type=\"container\" data-e-type=\"container\" id=\"icon-container\" href=\"https:\/\/maps.app.goo.gl\/4BzD4PyobU6zpQEC8\" target=\"_blank\">\n\t\t\t\t<div class=\"elementor-element elementor-element-bfdedf9 elementor-view-stacked elementor-shape-rounded elementor-position-inline-start elementor-mobile-position-block-start elementor-widget elementor-widget-icon-box\" data-id=\"bfdedf9\" data-element_type=\"widget\" data-e-type=\"widget\" id=\"icon-text\" data-widget_type=\"icon-box.default\">\n\t\t\t\t<div class=\"elementor-widget-container\">\n\t\t\t\t\t\t\t<div class=\"elementor-icon-box-wrapper\">\n\n\t\t\t\t\t\t<div class=\"elementor-icon-box-icon\">\n\t\t\t\t<span  class=\"elementor-icon\">\n\t\t\t\t<svg xmlns=\"http:\/\/www.w3.org\/2000\/svg\" xmlns:xlink=\"http:\/\/www.w3.org\/1999\/xlink\" id=\"Capa_1\" x=\"0px\" y=\"0px\" viewbox=\"0 0 512 512\" style=\"enable-background:new 0 0 512 512;\" xml:space=\"preserve\"><g>\t<g>\t\t<path d=\"M256,0C166.035,0,91,72.47,91,165c0,35.202,10.578,66.592,30.879,96.006l121.494,189.58   c5.894,9.216,19.372,9.198,25.254,0l122.021-190.225C410.512,232.28,421,199.307,421,165C421,74.019,346.981,0,256,0z M256,240   c-41.353,0-75-33.647-75-75c0-41.353,33.647-75,75-75c41.353,0,75,33.647,75,75C331,206.353,297.353,240,256,240z\"><\/path>\t<\/g><\/g><g>\t<g>\t\t<path d=\"M373.264,344.695l-75.531,118.087c-19.551,30.482-64.024,30.382-83.481,0.029l-75.654-118.085   C72.034,360.116,31,388.309,31,422c0,58.462,115.928,90,225,90s225-31.538,225-90C481,388.285,439.909,360.077,373.264,344.695z\"><\/path>\t<\/g><\/g><g><\/g><g><\/g><g><\/g><g><\/g><g><\/g><g><\/g><g><\/g><g><\/g><g><\/g><g><\/g><g><\/g><g><\/g><g><\/g><g><\/g><g><\/g><\/svg>\t\t\t\t<\/span>\n\t\t\t<\/div>\n\t\t\t\n\t\t\t\t\t\t<div class=\"elementor-icon-box-content\">\n\n\t\t\t\t\t\t\t\t\t<h4 class=\"elementor-icon-box-title\">\n\t\t\t\t\t\t<span  >\n\t\t\t\t\t\t\tAddress\t\t\t\t\t\t<\/span>\n\t\t\t\t\t<\/h4>\n\t\t\t\t\n\t\t\t\t\t\t\t\t\t<p class=\"elementor-icon-box-description\">\n\t\t\t\t\t\tAm Oberen Luisenpark 7<br \/> 68165 Mannheim\t\t\t\t\t<\/p>\n\t\t\t\t\n\t\t\t<\/div>\n\t\t\t\n\t\t<\/div>\n\t\t\t\t\t\t<\/div>\n\t\t\t\t<\/div>\n\t\t\t\t<\/a>\n\t\t\t\t<\/div>\n\t\t\t\t<div class=\"elementor-element elementor-element-ec918ce elementor-widget elementor-widget-heading\" data-id=\"ec918ce\" data-element_type=\"widget\" data-e-type=\"widget\" data-widget_type=\"heading.default\">\n\t\t\t\t<div class=\"elementor-widget-container\">\n\t\t\t\t\t<h3 class=\"elementor-heading-title elementor-size-default\">Follow Us<\/h3>\t\t\t\t<\/div>\n\t\t\t\t<\/div>\n\t\t\t\t<div class=\"elementor-element elementor-element-40bfa69 e-grid-align-left elementor-shape-rounded elementor-grid-0 elementor-widget elementor-widget-social-icons\" data-id=\"40bfa69\" data-element_type=\"widget\" data-e-type=\"widget\" data-widget_type=\"social-icons.default\">\n\t\t\t\t<div class=\"elementor-widget-container\">\n\t\t\t\t\t\t\t<div class=\"elementor-social-icons-wrapper elementor-grid\" role=\"list\">\n\t\t\t\t\t\t\t<span class=\"elementor-grid-item\" role=\"listitem\">\n\t\t\t\t\t<a class=\"elementor-icon elementor-social-icon elementor-social-icon- elementor-repeater-item-8ea3c32\" href=\"https:\/\/www.facebook.com\/share\/1D7XZTS3QK\/?mibextid=wwXIfr\" target=\"_blank\">\n\t\t\t\t\t\t<span class=\"elementor-screen-only\"><\/span>\n\t\t\t\t\t\t<svg xmlns=\"http:\/\/www.w3.org\/2000\/svg\" viewbox=\"-110 1 511 511.99896\"><path d=\"m207.363281 126.734375c.699219-.789063 3.96875-3.367187 16.808594-3.367187l42.097656-.015626c13.695313 0 24.832031-11.140624 24.832031-24.835937v-73.578125c0-13.671875-11.121093-24.8125-24.792968-24.835938l-62.53125-.101562c-38.59375 0-71.402344 12.730469-94.878906 36.820312-23.371094 23.980469-35.726563 57.457032-35.726563 96.804688v39.683594h-47.835937c-13.695313 0-24.835938 11.140625-24.835938 24.835937v79.242188c0 13.695312 11.140625 24.835937 24.835938 24.835937h47.835937v184.941406c0 13.695313 11.140625 24.835938 24.835937 24.835938h81.992188c13.695312 0 24.835938-11.140625 24.835938-24.835938v-184.9375h58.472656c13.695312 0 24.832031-11.144531 24.832031-24.832031l.03125-79.246093c0-8.996094-4.894531-17.320313-12.777344-21.722657-3.652343-2.039062-7.902343-3.117187-12.285156-3.117187h-58.273437v-31.351563c0-10.21875 1.375-13.917969 2.527343-15.222656zm0 0\"><\/path><\/svg>\t\t\t\t\t<\/a>\n\t\t\t\t<\/span>\n\t\t\t\t\t\t\t<span class=\"elementor-grid-item\" role=\"listitem\">\n\t\t\t\t\t<a class=\"elementor-icon elementor-social-icon elementor-social-icon- elementor-repeater-item-1e7f93e\" href=\"https:\/\/www.instagram.com\/sueddeimmo\" target=\"_blank\">\n\t\t\t\t\t\t<span class=\"elementor-screen-only\"><\/span>\n\t\t\t\t\t\t<svg xmlns=\"http:\/\/www.w3.org\/2000\/svg\" viewbox=\"0 0 512.00096 512.00096\"><path d=\"m373.40625 0h-234.8125c-76.421875 0-138.59375 62.171875-138.59375 138.59375v234.816406c0 76.417969 62.171875 138.589844 138.59375 138.589844h234.816406c76.417969 0 138.589844-62.171875 138.589844-138.589844v-234.816406c0-76.421875-62.171875-138.59375-138.59375-138.59375zm-117.40625 395.996094c-77.195312 0-139.996094-62.800782-139.996094-139.996094s62.800782-139.996094 139.996094-139.996094 139.996094 62.800782 139.996094 139.996094-62.800782 139.996094-139.996094 139.996094zm143.34375-246.976563c-22.8125 0-41.367188-18.554687-41.367188-41.367187s18.554688-41.371094 41.367188-41.371094 41.371094 18.558594 41.371094 41.371094-18.558594 41.367187-41.371094 41.367187zm0 0\"><\/path><path d=\"m256 146.019531c-60.640625 0-109.980469 49.335938-109.980469 109.980469 0 60.640625 49.339844 109.980469 109.980469 109.980469 60.644531 0 109.980469-49.339844 109.980469-109.980469 0-60.644531-49.335938-109.980469-109.980469-109.980469zm0 0\"><\/path><path d=\"m399.34375 96.300781c-6.257812 0-11.351562 5.09375-11.351562 11.351563 0 6.257812 5.09375 11.351562 11.351562 11.351562 6.261719 0 11.355469-5.089844 11.355469-11.351562 0-6.261719-5.09375-11.351563-11.355469-11.351563zm0 0\"><\/path><\/svg>\t\t\t\t\t<\/a>\n\t\t\t\t<\/span>\n\t\t\t\t\t\t\t<span class=\"elementor-grid-item\" role=\"listitem\">\n\t\t\t\t\t<a class=\"elementor-icon elementor-social-icon elementor-social-icon- elementor-repeater-item-7afc95d\" href=\"https:\/\/www.tiktok.com\/@sueddeimmo?_t=ZN-8tsN3czWwvG&#038;_r=1\" target=\"_blank\">\n\t\t\t\t\t\t<span class=\"elementor-screen-only\"><\/span>\n\t\t\t\t\t\t<svg xmlns=\"http:\/\/www.w3.org\/2000\/svg\" height=\"512pt\" viewbox=\"-32 0 512 512\" width=\"512pt\"><path d=\"m432.734375 112.464844c-53.742187 0-97.464844-43.722656-97.464844-97.464844 0-8.285156-6.714843-15-15-15h-80.335937c-8.28125 0-15 6.714844-15 15v329.367188c0 31.59375-25.707032 57.296874-57.300782 57.296874s-57.296874-25.703124-57.296874-57.296874c0-31.597657 25.703124-57.300782 57.296874-57.300782 8.285157 0 15-6.714844 15-15v-80.335937c0-8.28125-6.714843-15-15-15-92.433593 0-167.632812 75.203125-167.632812 167.636719 0 92.433593 75.199219 167.632812 167.632812 167.632812 92.433594 0 167.636719-75.199219 167.636719-167.632812v-145.792969c29.851563 15.917969 63.074219 24.226562 97.464844 24.226562 8.285156 0 15-6.714843 15-15v-80.335937c0-8.28125-6.714844-15-15-15zm0 0\"><\/path><\/svg>\t\t\t\t\t<\/a>\n\t\t\t\t<\/span>\n\t\t\t\t\t<\/div>\n\t\t\t\t\t\t<\/div>\n\t\t\t\t<\/div>\n\t\t<div class=\"elementor-element elementor-element-3088b54 e-grid e-con-full e-con e-child\" data-id=\"3088b54\" data-element_type=\"container\" data-e-type=\"container\">\n\t\t\t\t<div class=\"elementor-element elementor-element-736d00d elementor-widget elementor-widget-image\" data-id=\"736d00d\" data-element_type=\"widget\" data-e-type=\"widget\" data-widget_type=\"image.default\">\n\t\t\t\t<div class=\"elementor-widget-container\">\n\t\t\t\t\t\t\t\t\t\t\t\t\t\t\t<img fetchpriority=\"high\" decoding=\"async\" width=\"1920\" height=\"1281\" src=\"https:\/\/www.sued-immo.com\/wp-content\/uploads\/2025\/08\/Business-35.jpg\" class=\"attachment-full size-full wp-image-1173\" alt=\"\" srcset=\"https:\/\/www.sued-immo.com\/wp-content\/uploads\/2025\/08\/Business-35.jpg 1920w, https:\/\/www.sued-immo.com\/wp-content\/uploads\/2025\/08\/Business-35-300x200.jpg 300w, https:\/\/www.sued-immo.com\/wp-content\/uploads\/2025\/08\/Business-35-1024x683.jpg 1024w, https:\/\/www.sued-immo.com\/wp-content\/uploads\/2025\/08\/Business-35-768x512.jpg 768w, https:\/\/www.sued-immo.com\/wp-content\/uploads\/2025\/08\/Business-35-1536x1025.jpg 1536w\" sizes=\"(max-width: 1920px) 100vw, 1920px\" \/>\t\t\t\t\t\t\t\t\t\t\t\t\t\t\t<\/div>\n\t\t\t\t<\/div>\n\t\t\t\t<div class=\"elementor-element elementor-element-f2112af elementor-widget__width-inherit elementor-widget elementor-widget-image\" data-id=\"f2112af\" data-element_type=\"widget\" data-e-type=\"widget\" data-widget_type=\"image.default\">\n\t\t\t\t<div class=\"elementor-widget-container\">\n\t\t\t\t\t\t\t\t\t\t\t\t\t\t\t\t<a href=\"https:\/\/maps.app.goo.gl\/4BzD4PyobU6zpQEC8\" target=\"_blank\">\n\t\t\t\t\t\t\t<img decoding=\"async\" width=\"1784\" height=\"1230\" src=\"https:\/\/www.sued-immo.com\/wp-content\/uploads\/2025\/09\/Screenshot-2025-09-30-at-10.23.15.png\" class=\"attachment-full size-full wp-image-1671\" alt=\"\" srcset=\"https:\/\/www.sued-immo.com\/wp-content\/uploads\/2025\/09\/Screenshot-2025-09-30-at-10.23.15.png 1784w, https:\/\/www.sued-immo.com\/wp-content\/uploads\/2025\/09\/Screenshot-2025-09-30-at-10.23.15-300x207.png 300w, https:\/\/www.sued-immo.com\/wp-content\/uploads\/2025\/09\/Screenshot-2025-09-30-at-10.23.15-1024x706.png 1024w, https:\/\/www.sued-immo.com\/wp-content\/uploads\/2025\/09\/Screenshot-2025-09-30-at-10.23.15-768x530.png 768w, https:\/\/www.sued-immo.com\/wp-content\/uploads\/2025\/09\/Screenshot-2025-09-30-at-10.23.15-1536x1059.png 1536w\" sizes=\"(max-width: 1784px) 100vw, 1784px\" \/>\t\t\t\t\t\t\t\t<\/a>\n\t\t\t\t\t\t\t\t\t\t\t\t\t\t\t<\/div>\n\t\t\t\t<\/div>\n\t\t\t\t<\/div>\n\t\t\t\t<\/div>\n\t\t\t\t\t<\/div>\n\t\t\t\t<\/div>\n\t\t<div class=\"elementor-element elementor-element-9a1c58f e-con-full e-flex e-con e-parent\" data-id=\"9a1c58f\" data-element_type=\"container\" data-e-type=\"container\">\n\t\t\t\t<div class=\"elementor-element elementor-element-0320da5 elementor-widget elementor-widget-template\" data-id=\"0320da5\" data-element_type=\"widget\" data-e-type=\"widget\" data-widget_type=\"template.default\">\n\t\t\t\t<div class=\"elementor-widget-container\">\n\t\t\t\t\t\t\t<div class=\"elementor-template\">\n\t\t\t\t\t<div data-elementor-type=\"section\" data-elementor-id=\"1304\" class=\"elementor elementor-1304\" data-elementor-post-type=\"elementor_library\">\n\t\t\t<div class=\"elementor-element elementor-element-5d044f2 e-flex e-con-boxed e-con e-parent\" data-id=\"5d044f2\" data-element_type=\"container\" data-e-type=\"container\">\n\t\t\t\t\t<div class=\"e-con-inner\">\n\t\t\t\t<div class=\"elementor-element elementor-element-1126dc8 elementor-widget elementor-widget-heading\" data-id=\"1126dc8\" data-element_type=\"widget\" data-e-type=\"widget\" data-widget_type=\"heading.default\">\n\t\t\t\t<div class=\"elementor-widget-container\">\n\t\t\t\t\t<h2 class=\"elementor-heading-title elementor-size-default\">Calendly<\/h2>\t\t\t\t<\/div>\n\t\t\t\t<\/div>\n\t\t\t\t<div class=\"elementor-element elementor-element-a3d3b5c elementor-widget__width-inherit elementor-widget elementor-widget-html\" data-id=\"a3d3b5c\" data-element_type=\"widget\" data-e-type=\"widget\" data-widget_type=\"html.default\">\n\t\t\t\t<div class=\"elementor-widget-container\">\n\t\t\t\t\t<div class=\"calendly-inline-widget\" data-url=\"https:\/\/calendly.com\/sued-immo-info\/gratis-erstgesprach\" style=\"min-width:320px;height:700px;\"><\/div>\r\n<script type=\"text\/javascript\" src=\"https:\/\/assets.calendly.com\/assets\/external\/widget.js\" async><\/script>\t\t\t\t<\/div>\n\t\t\t\t<\/div>\n\t\t\t\t\t<\/div>\n\t\t\t\t<\/div>\n\t\t\t\t<\/div>\n\t\t\t\t<\/div>\n\t\t\t\t\t\t<\/div>\n\t\t\t\t<\/div>\n\t\t\t\t<\/div>\n\t\t\t\t<\/div>","protected":false},"excerpt":{"rendered":"<p>Kontakt Kontaktieren Sie uns f\u00fcr erstklassige Immobilienberatung S\u00fcddeutsche Immobilienagentur Jetzt kontaktieren Vereinbaren Sie ein unverbindliches Erstgespr\u00e4ch per Telefon, E-Mail oder vor Ort. E-Mail info@sued-immo.com Telefon +49 (0) 621 437 890 81 Adresse Am Oberen Luisenpark 7 68165 Mannheim Folgen Sie uns<\/p>","protected":false},"author":552,"featured_media":0,"parent":0,"menu_order":0,"comment_status":"closed","ping_status":"closed","template":"","meta":{"_acf_changed":false,"footnotes":""},"class_list":["post-1116","page","type-page","status-publish","hentry"],"acf":[],"_links":{"self":[{"href":"https:\/\/www.sued-immo.com\/en\/wp-json\/wp\/v2\/pages\/1116","targetHints":{"allow":["GET"]}}],"collection":[{"href":"https:\/\/www.sued-immo.com\/en\/wp-json\/wp\/v2\/pages"}],"about":[{"href":"https:\/\/www.sued-immo.com\/en\/wp-json\/wp\/v2\/types\/page"}],"author":[{"embeddable":true,"href":"https:\/\/www.sued-immo.com\/en\/wp-json\/wp\/v2\/users\/552"}],"replies":[{"embeddable":true,"href":"https:\/\/www.sued-immo.com\/en\/wp-json\/wp\/v2\/comments?post=1116"}],"version-history":[{"count":40,"href":"https:\/\/www.sued-immo.com\/en\/wp-json\/wp\/v2\/pages\/1116\/revisions"}],"predecessor-version":[{"id":1677,"href":"https:\/\/www.sued-immo.com\/en\/wp-json\/wp\/v2\/pages\/1116\/revisions\/1677"}],"wp:attachment":[{"href":"https:\/\/www.sued-immo.com\/en\/wp-json\/wp\/v2\/media?parent=1116"}],"curies":[{"name":"wp","href":"https:\/\/api.w.org\/{rel}","templated":true}]}}